{"id":44,"date":"2016-09-20T17:20:49","date_gmt":"2016-09-20T17:20:49","guid":{"rendered":"https:\/\/emallshop.presslayouts.com\/dummy\/default\/?page_id=44"},"modified":"2023-11-06T12:09:28","modified_gmt":"2023-11-06T12:09:28","slug":"about-us","status":"publish","type":"page","link":"https:\/\/agropecuariacentenario.com.ar\/nuevo\/about-us\/","title":{"rendered":"Sobre nosotros"},"content":{"rendered":"<section class=\"wpb-content-wrapper\"><p>[vc_row][vc_column width=\u00bb1\/2&#8243;][vc_single_image image=\u00bb3962&#8243; img_size=\u00bbfull\u00bb][\/vc_column][vc_column width=\u00bb1\/2&#8243;]<div id=\"ultimate-heading-54926a090e2c68905\" class=\"uvc-heading ult-adjust-bottom-margin ultimate-heading-54926a090e2c68905 uvc-5498 \" data-hspacer=\"line_only\"  data-halign=\"left\" style=\"text-align:left\"><div class=\"uvc-main-heading ult-responsive\"  data-ultimate-target='.uvc-heading.ultimate-heading-54926a090e2c68905 h2'  data-responsive-json-new='{\"font-size\":\"desktop:32px;\",\"line-height\":\"\"}' ><h2 style=\"font-weight:bold;margin-bottom:5px;\">Nuestra Empresa<\/h2><\/div><div class=\"uvc-heading-spacer line_only\" style=\"margin-bottom:30px;height:2px;\"><span class=\"uvc-headings-line\" style=\"border-style:solid;border-bottom-width:2px;border-color:#f2d667;width:120px;\"><\/span><\/div><\/div>[vc_column_text]Somos una empresa creada en el 2003, durante todos estos a\u00f1os la so\u00f1amos, la creamos y la proyectamos basados en los valores familiares y\u00a0 comerciales, sosteniendo a nuestros proveedores y clientes con la racionalidad y el sentido com\u00fan que se necesita para sostenernos en el tiempo.<\/p>\n<p><strong>Agropecuaria Centenario s.r.l.<\/strong> es una empresa netamente familiar, con presencia en toda la Argentina hace m\u00e1s de 20 a\u00f1os, cumpliendo la funci\u00f3n de distribuidor en productos destinados a mascotas, rumiantes, granjas, fraccionamiento de cereales y semillas.[\/vc_column_text][\/vc_column][\/vc_row][vc_row gap=\u00bb15&#8243; css=\u00bb.vc_custom_1699271339057{margin-top: 50px !important;margin-bottom: 75px !important;}\u00bb][vc_column width=\u00bb1\/3&#8243; css=\u00bb.vc_custom_1699270882843{padding-top: 20px !important;padding-right: 20px !important;padding-bottom: 20px !important;padding-left: 20px !important;background-color: #f9f9f9 !important;}\u00bb]<div class=\"aio-icon-component    style_2\"><div id=\"Info-box-wrap-5946\" class=\"aio-icon-box default-icon\" style=\"\"  ><div class=\"aio-icon-default\"><div class=\"ult-just-icon-wrapper  \"><div class=\"align-icon\" style=\"text-align:center;\">\n<div class=\"aio-icon none \"  style=\"color:#f2d667;font-size:38px;display:inline-block;\">\n\t<i class=\"Defaults-bullseye\"><\/i>\n<\/div><\/div><\/div><\/div><div class=\"aio-icon-header\" ><h3 class=\"aio-icon-title ult-responsive\"  data-ultimate-target='#Info-box-wrap-5946 .aio-icon-title'  data-responsive-json-new='{\"font-size\":\"desktop:22px;\",\"line-height\":\"\"}'  style=\"\">Misi\u00f3n<\/h3><\/div> <!-- header --><div class=\"aio-icon-description ult-responsive\"  data-ultimate-target='#Info-box-wrap-5946 .aio-icon-description'  data-responsive-json-new='{\"font-size\":\"\",\"line-height\":\"\"}'  style=\"\">Ayudamos a nuestros clientes a desarrollar sus negocios, distribuyendo las mejores marcas del mercado.<\/div> <!-- description --><\/div> <!-- aio-icon-box --><\/div> <!-- aio-icon-component -->[\/vc_column][vc_column width=\u00bb1\/3&#8243; css=\u00bb.vc_custom_1699270910629{padding-top: 20px !important;padding-right: 20px !important;padding-bottom: 20px !important;padding-left: 20px !important;background-color: #f4f4f4 !important;}\u00bb]<div class=\"aio-icon-component    style_2\"><div id=\"Info-box-wrap-2954\" class=\"aio-icon-box default-icon\" style=\"\"  ><div class=\"aio-icon-default\"><div class=\"ult-just-icon-wrapper  \"><div class=\"align-icon\" style=\"text-align:center;\">\n<div class=\"aio-icon none \"  style=\"color:#f2d667;font-size:38px;display:inline-block;\">\n\t<i class=\"Defaults-eye\"><\/i>\n<\/div><\/div><\/div><\/div><div class=\"aio-icon-header\" ><h3 class=\"aio-icon-title ult-responsive\"  data-ultimate-target='#Info-box-wrap-2954 .aio-icon-title'  data-responsive-json-new='{\"font-size\":\"desktop:22px;\",\"line-height\":\"\"}'  style=\"\">Visi\u00f3n<\/h3><\/div> <!-- header --><div class=\"aio-icon-description ult-responsive\"  data-ultimate-target='#Info-box-wrap-2954 .aio-icon-description'  data-responsive-json-new='{\"font-size\":\"\",\"line-height\":\"\"}'  style=\"\">Queremos liderar la comercializaci\u00f3n mayorista de insumos para mascotas en Bah\u00eda Blanca y la regi\u00f3n.<\/div> <!-- description --><\/div> <!-- aio-icon-box --><\/div> <!-- aio-icon-component -->[\/vc_column][vc_column width=\u00bb1\/3&#8243; css=\u00bb.vc_custom_1699272099445{padding-top: 20px !important;padding-right: 20px !important;padding-bottom: 20px !important;padding-left: 20px !important;background-color: #ededed !important;}\u00bb]<div class=\"aio-icon-component    style_2\"><div id=\"Info-box-wrap-7148\" class=\"aio-icon-box default-icon\" style=\"\"  ><div class=\"aio-icon-default\"><div class=\"ult-just-icon-wrapper  \"><div class=\"align-icon\" style=\"text-align:center;\">\n<div class=\"aio-icon none \"  style=\"color:#f2d667;font-size:38px;display:inline-block;\">\n\t<i class=\"Defaults-heart-o\"><\/i>\n<\/div><\/div><\/div><\/div><div class=\"aio-icon-header\" ><h3 class=\"aio-icon-title ult-responsive\"  data-ultimate-target='#Info-box-wrap-7148 .aio-icon-title'  data-responsive-json-new='{\"font-size\":\"desktop:22px;\",\"line-height\":\"\"}'  style=\"\">Valores<\/h3><\/div> <!-- header --><div class=\"aio-icon-description ult-responsive\"  data-ultimate-target='#Info-box-wrap-7148 .aio-icon-description'  data-responsive-json-new='{\"font-size\":\"\",\"line-height\":\"\"}'  style=\"\">So\u00f1amos y proyectamos esta empresa familiar desde los valores que nos caracterizan: el respeto, el compromiso y la cercan\u00eda.<\/div> <!-- description --><\/div> <!-- aio-icon-box --><\/div> <!-- aio-icon-component -->[\/vc_column][\/vc_row][vc_row][vc_column width=\u00bb1\/2&#8243;]<div id=\"ultimate-heading-55586a090e2c68bfe\" class=\"uvc-heading ult-adjust-bottom-margin ultimate-heading-55586a090e2c68bfe uvc-7746 \" data-hspacer=\"line_only\"  data-halign=\"left\" style=\"text-align:left\"><div class=\"uvc-main-heading ult-responsive\"  data-ultimate-target='.uvc-heading.ultimate-heading-55586a090e2c68bfe h2'  data-responsive-json-new='{\"font-size\":\"desktop:32px;\",\"line-height\":\"\"}' ><h2 style=\"font-weight:bold;margin-bottom:5px;\">\u00bfHacia d\u00f3nde vamos?<\/h2><\/div><div class=\"uvc-heading-spacer line_only\" style=\"margin-bottom:30px;height:2px;\"><span class=\"uvc-headings-line\" style=\"border-style:solid;border-bottom-width:2px;border-color:#f2d667;width:100px;\"><\/span><\/div><\/div>[vc_column_text]Queremos liderar la comercializaci\u00f3n mayorista de insumos para mascotas en Bah\u00eda Blanca y la regi\u00f3n \/ en el sur argentino.<\/p>\n<h4>\u00a1Visit\u00e1 nuestras sucursal y conocenos!<\/h4>\n<p><i class=\"fa fa-map-marker\"><\/i> Olivero Girondo 48. Esquina Zelarray\u00e1n y Sesquicentenario.<br \/>\nBah\u00eda Blanca[\/vc_column_text][\/vc_column][vc_column width=\u00bb1\/2&#8243;][vc_single_image image=\u00bb3964&#8243; img_size=\u00bbfull\u00bb][\/vc_column][\/vc_row][vc_row][vc_column][vc_video link=\u00bbhttps:\/\/youtu.be\/StqF_g_dBeU\u00bb][\/vc_column][\/vc_row]<\/p>\n<\/section>","protected":false},"excerpt":{"rendered":"<p>[vc_row][vc_column width=\u00bb1\/2&#8243;][vc_single_image image=\u00bb3962&#8243; img_size=\u00bbfull\u00bb][\/vc_column][vc_column width=\u00bb1\/2&#8243;][vc_column_text]Somos una empresa creada en el 2003, durante todos estos a\u00f1os la so\u00f1amos, la creamos y la proyectamos basados en los valores familiares y\u00a0 comerciales, sosteniendo a nuestros proveedores y clientes con la racionalidad y el sentido com\u00fan que se necesita para sostenernos en el tiempo. Agropecuaria Centenario s.r.l. es una &hellip; <a href=\"https:\/\/agropecuariacentenario.com.ar\/nuevo\/about-us\/\" class=\"more-link\">Leer +<\/a><\/p>\n","protected":false},"author":1,"featured_media":0,"parent":0,"menu_order":0,"comment_status":"closed","ping_status":"closed","template":"","meta":{"_joinchat":[],"footnotes":""},"class_list":["post-44","page","type-page","status-publish","hentry"],"yoast_head":"<!-- This site is optimized with the Yoast SEO plugin v21.5 - https:\/\/yoast.com\/wordpress\/plugins\/seo\/ -->\n<title>Sobre nosotros - Agropecuaria Centenario<\/title>\n<meta name=\"robots\" content=\"index, follow, max-snippet:-1, max-image-preview:large, max-video-preview:-1\" \/>\n<link rel=\"canonical\" href=\"https:\/\/agropecuariacentenario.com.ar\/nuevo\/about-us\/\" \/>\n<meta property=\"og:locale\" content=\"es_ES\" \/>\n<meta property=\"og:type\" content=\"article\" \/>\n<meta property=\"og:title\" content=\"Sobre nosotros - Agropecuaria Centenario\" \/>\n<meta property=\"og:description\" content=\"[vc_row][vc_column width=\u00bb1\/2&#8243;][vc_single_image image=\u00bb3962&#8243; img_size=\u00bbfull\u00bb][\/vc_column][vc_column width=\u00bb1\/2&#8243;][vc_column_text]Somos una empresa creada en el 2003, durante todos estos a\u00f1os la so\u00f1amos, la creamos y la proyectamos basados en los valores familiares y\u00a0 comerciales, sosteniendo a nuestros proveedores y clientes con la racionalidad y el sentido com\u00fan que se necesita para sostenernos en el tiempo. Agropecuaria Centenario s.r.l. es una &hellip; Leer +\" \/>\n<meta property=\"og:url\" content=\"https:\/\/agropecuariacentenario.com.ar\/nuevo\/about-us\/\" \/>\n<meta property=\"og:site_name\" content=\"Agropecuaria Centenario\" \/>\n<meta property=\"article:modified_time\" content=\"2023-11-06T12:09:28+00:00\" \/>\n<meta name=\"twitter:card\" content=\"summary_large_image\" \/>\n<meta name=\"twitter:label1\" content=\"Tiempo de lectura\" \/>\n\t<meta name=\"twitter:data1\" content=\"2 minutos\" \/>\n<script type=\"application\/ld+json\" class=\"yoast-schema-graph\">{\"@context\":\"https:\/\/schema.org\",\"@graph\":[{\"@type\":\"WebPage\",\"@id\":\"https:\/\/agropecuariacentenario.com.ar\/nuevo\/about-us\/\",\"url\":\"https:\/\/agropecuariacentenario.com.ar\/nuevo\/about-us\/\",\"name\":\"Sobre nosotros - Agropecuaria Centenario\",\"isPartOf\":{\"@id\":\"https:\/\/agropecuariacentenario.com.ar\/nuevo\/#website\"},\"datePublished\":\"2016-09-20T17:20:49+00:00\",\"dateModified\":\"2023-11-06T12:09:28+00:00\",\"breadcrumb\":{\"@id\":\"https:\/\/agropecuariacentenario.com.ar\/nuevo\/about-us\/#breadcrumb\"},\"inLanguage\":\"es\",\"potentialAction\":[{\"@type\":\"ReadAction\",\"target\":[\"https:\/\/agropecuariacentenario.com.ar\/nuevo\/about-us\/\"]}]},{\"@type\":\"BreadcrumbList\",\"@id\":\"https:\/\/agropecuariacentenario.com.ar\/nuevo\/about-us\/#breadcrumb\",\"itemListElement\":[{\"@type\":\"ListItem\",\"position\":1,\"name\":\"Portada\",\"item\":\"https:\/\/agropecuariacentenario.com.ar\/nuevo\/\"},{\"@type\":\"ListItem\",\"position\":2,\"name\":\"Sobre nosotros\"}]},{\"@type\":\"WebSite\",\"@id\":\"https:\/\/agropecuariacentenario.com.ar\/nuevo\/#website\",\"url\":\"https:\/\/agropecuariacentenario.com.ar\/nuevo\/\",\"name\":\"Agropecuaria Centenario\",\"description\":\"\",\"potentialAction\":[{\"@type\":\"SearchAction\",\"target\":{\"@type\":\"EntryPoint\",\"urlTemplate\":\"https:\/\/agropecuariacentenario.com.ar\/nuevo\/?s={search_term_string}\"},\"query-input\":\"required name=search_term_string\"}],\"inLanguage\":\"es\"}]}<\/script>\n<!-- \/ Yoast SEO plugin. -->","yoast_head_json":{"title":"Sobre nosotros - Agropecuaria Centenario","robots":{"index":"index","follow":"follow","max-snippet":"max-snippet:-1","max-image-preview":"max-image-preview:large","max-video-preview":"max-video-preview:-1"},"canonical":"https:\/\/agropecuariacentenario.com.ar\/nuevo\/about-us\/","og_locale":"es_ES","og_type":"article","og_title":"Sobre nosotros - Agropecuaria Centenario","og_description":"[vc_row][vc_column width=\u00bb1\/2&#8243;][vc_single_image image=\u00bb3962&#8243; img_size=\u00bbfull\u00bb][\/vc_column][vc_column width=\u00bb1\/2&#8243;][vc_column_text]Somos una empresa creada en el 2003, durante todos estos a\u00f1os la so\u00f1amos, la creamos y la proyectamos basados en los valores familiares y\u00a0 comerciales, sosteniendo a nuestros proveedores y clientes con la racionalidad y el sentido com\u00fan que se necesita para sostenernos en el tiempo. Agropecuaria Centenario s.r.l. es una &hellip; Leer +","og_url":"https:\/\/agropecuariacentenario.com.ar\/nuevo\/about-us\/","og_site_name":"Agropecuaria Centenario","article_modified_time":"2023-11-06T12:09:28+00:00","twitter_card":"summary_large_image","twitter_misc":{"Tiempo de lectura":"2 minutos"},"schema":{"@context":"https:\/\/schema.org","@graph":[{"@type":"WebPage","@id":"https:\/\/agropecuariacentenario.com.ar\/nuevo\/about-us\/","url":"https:\/\/agropecuariacentenario.com.ar\/nuevo\/about-us\/","name":"Sobre nosotros - Agropecuaria Centenario","isPartOf":{"@id":"https:\/\/agropecuariacentenario.com.ar\/nuevo\/#website"},"datePublished":"2016-09-20T17:20:49+00:00","dateModified":"2023-11-06T12:09:28+00:00","breadcrumb":{"@id":"https:\/\/agropecuariacentenario.com.ar\/nuevo\/about-us\/#breadcrumb"},"inLanguage":"es","potentialAction":[{"@type":"ReadAction","target":["https:\/\/agropecuariacentenario.com.ar\/nuevo\/about-us\/"]}]},{"@type":"BreadcrumbList","@id":"https:\/\/agropecuariacentenario.com.ar\/nuevo\/about-us\/#breadcrumb","itemListElement":[{"@type":"ListItem","position":1,"name":"Portada","item":"https:\/\/agropecuariacentenario.com.ar\/nuevo\/"},{"@type":"ListItem","position":2,"name":"Sobre nosotros"}]},{"@type":"WebSite","@id":"https:\/\/agropecuariacentenario.com.ar\/nuevo\/#website","url":"https:\/\/agropecuariacentenario.com.ar\/nuevo\/","name":"Agropecuaria Centenario","description":"","potentialAction":[{"@type":"SearchAction","target":{"@type":"EntryPoint","urlTemplate":"https:\/\/agropecuariacentenario.com.ar\/nuevo\/?s={search_term_string}"},"query-input":"required name=search_term_string"}],"inLanguage":"es"}]}},"_links":{"self":[{"href":"https:\/\/agropecuariacentenario.com.ar\/nuevo\/wp-json\/wp\/v2\/pages\/44","targetHints":{"allow":["GET"]}}],"collection":[{"href":"https:\/\/agropecuariacentenario.com.ar\/nuevo\/wp-json\/wp\/v2\/pages"}],"about":[{"href":"https:\/\/agropecuariacentenario.com.ar\/nuevo\/wp-json\/wp\/v2\/types\/page"}],"author":[{"embeddable":true,"href":"https:\/\/agropecuariacentenario.com.ar\/nuevo\/wp-json\/wp\/v2\/users\/1"}],"replies":[{"embeddable":true,"href":"https:\/\/agropecuariacentenario.com.ar\/nuevo\/wp-json\/wp\/v2\/comments?post=44"}],"version-history":[{"count":20,"href":"https:\/\/agropecuariacentenario.com.ar\/nuevo\/wp-json\/wp\/v2\/pages\/44\/revisions"}],"predecessor-version":[{"id":3976,"href":"https:\/\/agropecuariacentenario.com.ar\/nuevo\/wp-json\/wp\/v2\/pages\/44\/revisions\/3976"}],"wp:attachment":[{"href":"https:\/\/agropecuariacentenario.com.ar\/nuevo\/wp-json\/wp\/v2\/media?parent=44"}],"curies":[{"name":"wp","href":"https:\/\/api.w.org\/{rel}","templated":true}]}}