{"id":2287,"date":"2023-09-27T22:03:47","date_gmt":"2023-09-27T22:03:47","guid":{"rendered":"https:\/\/agropecuariacentenario.com.ar\/nuevo\/?product=danke-cachorro-10-kg"},"modified":"2023-11-17T23:49:38","modified_gmt":"2023-11-17T23:49:38","slug":"danke-cachorro-10-kg","status":"publish","type":"product","link":"https:\/\/agropecuariacentenario.com.ar\/nuevo\/producto\/danke-cachorro-10-kg\/","title":{"rendered":"DANKE CACHORRO 10 kg"},"content":{"rendered":"<p>Recomendado para perro cachorro.,Comida seca.,Sabor: Carne, pollo y vegetales.,Sabor, nutrici\u00f3n y alta digestibilidad garantizada para tu mascota.,Im\u00e1genes ilustrativas. El paquete puede variar seg\u00fan peso.,Consult\u00e1 precio por cantidad.<\/p>\n","protected":false},"excerpt":{"rendered":"<p>Recomendado para perro cachorro.,Comida seca.,Sabor: Carne, pollo y vegetales.,Sabor, nutrici\u00f3n y alta digestibilidad garantizada para tu mascota.,Im\u00e1genes ilustrativas. El paquete puede variar seg\u00fan peso.,Consult\u00e1 precio por cantidad.<\/p>\n","protected":false},"featured_media":3651,"template":"","meta":{"_joinchat":[]},"product_cat":[246],"product_tag":[],"class_list":{"0":"post-2287","1":"product","2":"type-product","3":"status-publish","4":"has-post-thumbnail","6":"product_cat-secos-alimentos-para-perro","7":"product_brand-danke","9":"first","10":"instock","11":"shipping-taxable","12":"purchasable","13":"product-type-simple"},"yoast_head":"<!-- This site is optimized with the Yoast SEO plugin v21.5 - https:\/\/yoast.com\/wordpress\/plugins\/seo\/ -->\n<title>DANKE CACHORRO 10 kg - Agropecuaria Centenario<\/title>\n<meta name=\"robots\" content=\"index, follow, max-snippet:-1, max-image-preview:large, max-video-preview:-1\" \/>\n<link rel=\"canonical\" href=\"https:\/\/agropecuariacentenario.com.ar\/nuevo\/producto\/danke-cachorro-10-kg\/\" \/>\n<meta property=\"og:locale\" content=\"es_ES\" \/>\n<meta property=\"og:type\" content=\"article\" \/>\n<meta property=\"og:title\" content=\"DANKE CACHORRO 10 kg - Agropecuaria Centenario\" \/>\n<meta property=\"og:description\" content=\"Recomendado para perro cachorro.,Comida seca.,Sabor: Carne, pollo y vegetales.,Sabor, nutrici\u00f3n y alta digestibilidad garantizada para tu mascota.,Im\u00e1genes ilustrativas. El paquete puede variar seg\u00fan peso.,Consult\u00e1 precio por cantidad.\" \/>\n<meta property=\"og:url\" content=\"https:\/\/agropecuariacentenario.com.ar\/nuevo\/producto\/danke-cachorro-10-kg\/\" \/>\n<meta property=\"og:site_name\" content=\"Agropecuaria Centenario\" \/>\n<meta property=\"article:modified_time\" content=\"2023-11-17T23:49:38+00:00\" \/>\n<meta property=\"og:image\" content=\"https:\/\/agropecuariacentenario.com.ar\/nuevo\/wp-content\/uploads\/2023\/09\/552.jpg\" \/>\n\t<meta property=\"og:image:width\" content=\"259\" \/>\n\t<meta property=\"og:image:height\" content=\"194\" \/>\n\t<meta property=\"og:image:type\" content=\"image\/jpeg\" \/>\n<meta name=\"twitter:card\" content=\"summary_large_image\" \/>\n<script type=\"application\/ld+json\" class=\"yoast-schema-graph\">{\"@context\":\"https:\/\/schema.org\",\"@graph\":[{\"@type\":\"WebPage\",\"@id\":\"https:\/\/agropecuariacentenario.com.ar\/nuevo\/producto\/danke-cachorro-10-kg\/\",\"url\":\"https:\/\/agropecuariacentenario.com.ar\/nuevo\/producto\/danke-cachorro-10-kg\/\",\"name\":\"DANKE CACHORRO 10 kg - Agropecuaria Centenario\",\"isPartOf\":{\"@id\":\"https:\/\/agropecuariacentenario.com.ar\/nuevo\/#website\"},\"datePublished\":\"2023-09-27T22:03:47+00:00\",\"dateModified\":\"2023-11-17T23:49:38+00:00\",\"breadcrumb\":{\"@id\":\"https:\/\/agropecuariacentenario.com.ar\/nuevo\/producto\/danke-cachorro-10-kg\/#breadcrumb\"},\"inLanguage\":\"es\",\"potentialAction\":[{\"@type\":\"ReadAction\",\"target\":[\"https:\/\/agropecuariacentenario.com.ar\/nuevo\/producto\/danke-cachorro-10-kg\/\"]}]},{\"@type\":\"BreadcrumbList\",\"@id\":\"https:\/\/agropecuariacentenario.com.ar\/nuevo\/producto\/danke-cachorro-10-kg\/#breadcrumb\",\"itemListElement\":[{\"@type\":\"ListItem\",\"position\":1,\"name\":\"Portada\",\"item\":\"https:\/\/agropecuariacentenario.com.ar\/nuevo\/\"},{\"@type\":\"ListItem\",\"position\":2,\"name\":\"Shop\",\"item\":\"https:\/\/agropecuariacentenario.com.ar\/nuevo\/shop\/\"},{\"@type\":\"ListItem\",\"position\":3,\"name\":\"DANKE CACHORRO 10 kg\"}]},{\"@type\":\"WebSite\",\"@id\":\"https:\/\/agropecuariacentenario.com.ar\/nuevo\/#website\",\"url\":\"https:\/\/agropecuariacentenario.com.ar\/nuevo\/\",\"name\":\"Agropecuaria Centenario\",\"description\":\"\",\"potentialAction\":[{\"@type\":\"SearchAction\",\"target\":{\"@type\":\"EntryPoint\",\"urlTemplate\":\"https:\/\/agropecuariacentenario.com.ar\/nuevo\/?s={search_term_string}\"},\"query-input\":\"required name=search_term_string\"}],\"inLanguage\":\"es\"}]}<\/script>\n<!-- \/ Yoast SEO plugin. -->","yoast_head_json":{"title":"DANKE CACHORRO 10 kg - Agropecuaria Centenario","robots":{"index":"index","follow":"follow","max-snippet":"max-snippet:-1","max-image-preview":"max-image-preview:large","max-video-preview":"max-video-preview:-1"},"canonical":"https:\/\/agropecuariacentenario.com.ar\/nuevo\/producto\/danke-cachorro-10-kg\/","og_locale":"es_ES","og_type":"article","og_title":"DANKE CACHORRO 10 kg - Agropecuaria Centenario","og_description":"Recomendado para perro cachorro.,Comida seca.,Sabor: Carne, pollo y vegetales.,Sabor, nutrici\u00f3n y alta digestibilidad garantizada para tu mascota.,Im\u00e1genes ilustrativas. El paquete puede variar seg\u00fan peso.,Consult\u00e1 precio por cantidad.","og_url":"https:\/\/agropecuariacentenario.com.ar\/nuevo\/producto\/danke-cachorro-10-kg\/","og_site_name":"Agropecuaria Centenario","article_modified_time":"2023-11-17T23:49:38+00:00","og_image":[{"width":259,"height":194,"url":"https:\/\/agropecuariacentenario.com.ar\/nuevo\/wp-content\/uploads\/2023\/09\/552.jpg","type":"image\/jpeg"}],"twitter_card":"summary_large_image","schema":{"@context":"https:\/\/schema.org","@graph":[{"@type":"WebPage","@id":"https:\/\/agropecuariacentenario.com.ar\/nuevo\/producto\/danke-cachorro-10-kg\/","url":"https:\/\/agropecuariacentenario.com.ar\/nuevo\/producto\/danke-cachorro-10-kg\/","name":"DANKE CACHORRO 10 kg - Agropecuaria Centenario","isPartOf":{"@id":"https:\/\/agropecuariacentenario.com.ar\/nuevo\/#website"},"datePublished":"2023-09-27T22:03:47+00:00","dateModified":"2023-11-17T23:49:38+00:00","breadcrumb":{"@id":"https:\/\/agropecuariacentenario.com.ar\/nuevo\/producto\/danke-cachorro-10-kg\/#breadcrumb"},"inLanguage":"es","potentialAction":[{"@type":"ReadAction","target":["https:\/\/agropecuariacentenario.com.ar\/nuevo\/producto\/danke-cachorro-10-kg\/"]}]},{"@type":"BreadcrumbList","@id":"https:\/\/agropecuariacentenario.com.ar\/nuevo\/producto\/danke-cachorro-10-kg\/#breadcrumb","itemListElement":[{"@type":"ListItem","position":1,"name":"Portada","item":"https:\/\/agropecuariacentenario.com.ar\/nuevo\/"},{"@type":"ListItem","position":2,"name":"Shop","item":"https:\/\/agropecuariacentenario.com.ar\/nuevo\/shop\/"},{"@type":"ListItem","position":3,"name":"DANKE CACHORRO 10 kg"}]},{"@type":"WebSite","@id":"https:\/\/agropecuariacentenario.com.ar\/nuevo\/#website","url":"https:\/\/agropecuariacentenario.com.ar\/nuevo\/","name":"Agropecuaria Centenario","description":"","potentialAction":[{"@type":"SearchAction","target":{"@type":"EntryPoint","urlTemplate":"https:\/\/agropecuariacentenario.com.ar\/nuevo\/?s={search_term_string}"},"query-input":"required name=search_term_string"}],"inLanguage":"es"}]}},"_links":{"self":[{"href":"https:\/\/agropecuariacentenario.com.ar\/nuevo\/wp-json\/wp\/v2\/product\/2287","targetHints":{"allow":["GET"]}}],"collection":[{"href":"https:\/\/agropecuariacentenario.com.ar\/nuevo\/wp-json\/wp\/v2\/product"}],"about":[{"href":"https:\/\/agropecuariacentenario.com.ar\/nuevo\/wp-json\/wp\/v2\/types\/product"}],"wp:featuredmedia":[{"embeddable":true,"href":"https:\/\/agropecuariacentenario.com.ar\/nuevo\/wp-json\/wp\/v2\/media\/3651"}],"wp:attachment":[{"href":"https:\/\/agropecuariacentenario.com.ar\/nuevo\/wp-json\/wp\/v2\/media?parent=2287"}],"wp:term":[{"taxonomy":"product_cat","embeddable":true,"href":"https:\/\/agropecuariacentenario.com.ar\/nuevo\/wp-json\/wp\/v2\/product_cat?post=2287"},{"taxonomy":"product_tag","embeddable":true,"href":"https:\/\/agropecuariacentenario.com.ar\/nuevo\/wp-json\/wp\/v2\/product_tag?post=2287"}],"curies":[{"name":"wp","href":"https:\/\/api.w.org\/{rel}","templated":true}]}}